{"id":11,"date":"2025-07-16T23:42:01","date_gmt":"2025-07-16T23:42:01","guid":{"rendered":"https:\/\/agroforestexport.com\/?page_id=11"},"modified":"2025-11-13T01:46:55","modified_gmt":"2025-11-13T01:46:55","slug":"nosotros","status":"publish","type":"page","link":"https:\/\/agroforestexport.com\/","title":{"rendered":"Nosotros"},"content":{"rendered":"\n<div style=\"height:29px\" aria-hidden=\"true\" class=\"wp-block-spacer\"><\/div>\n\n\n\n<h2 class=\"wp-block-heading has-text-align-center\">Agroforest Export<\/h2>\n\n\n\n<p>Nace de la necesidad de identificar mercados efectivos para llevar los productos del peque\u00f1o productor al mercado internacional, de igual forma crear enlaces a las exportadoras, buscando&nbsp; precios justos, buscando la generaci\u00f3n de empleo, y lograr un comercio justo con el peque\u00f1o productor, buscando ingresos dignos para obtener un mejor beneficio entre el comercio internacional y el peque\u00f1o productor.<\/p>\n\n\n<div class=\"wp-block-image\">\n<figure class=\"aligncenter size-full is-resized\"><img loading=\"lazy\" decoding=\"async\" width=\"1024\" height=\"404\" src=\"https:\/\/agroforestexport.com\/wp-content\/uploads\/2025\/07\/0203404.jpg\" alt=\"\" class=\"wp-image-34\" style=\"width:733px;height:auto\" srcset=\"https:\/\/agroforestexport.com\/wp-content\/uploads\/2025\/07\/0203404.jpg 1024w, https:\/\/agroforestexport.com\/wp-content\/uploads\/2025\/07\/0203404-300x118.jpg 300w, https:\/\/agroforestexport.com\/wp-content\/uploads\/2025\/07\/0203404-768x303.jpg 768w, https:\/\/agroforestexport.com\/wp-content\/uploads\/2025\/07\/0203404-500x197.jpg 500w\" sizes=\"auto, (max-width: 1024px) 100vw, 1024px\" \/><\/figure>\n<\/div>\n\n\n<div class=\"wp-block-columns is-layout-flex wp-container-core-columns-is-layout-9d6595d7 wp-block-columns-is-layout-flex\">\n<div class=\"wp-block-column is-layout-flow wp-block-column-is-layout-flow\">\n<h3 class=\"wp-block-heading\">Misi\u00f3n<\/h3>\n\n\n\n<p>Entregar al mercado internacional las mejores semillas de especias producidas en Guatemala, por peque\u00f1os productores, siendo el enlace y mejor aliado entre el mercado internacional y el peque\u00f1o productor.<\/p>\n<\/div>\n\n\n\n<div class=\"wp-block-column is-layout-flow wp-block-column-is-layout-flow\">\n<h3 class=\"wp-block-heading\">Visi\u00f3n<\/h3>\n\n\n\n<p>Ser el soporte y mejor aliado del peque\u00f1o productor para que sus productos sean de alta calidad y que cumplan los est\u00e1ndares del mercado internacional.<\/p>\n<\/div>\n<\/div>\n\n\n<div class=\"wp-block-image\">\n<figure class=\"aligncenter size-large is-resized\"><img loading=\"lazy\" decoding=\"async\" width=\"1024\" height=\"308\" src=\"https:\/\/agroforestexport.com\/wp-content\/uploads\/2025\/07\/cacao-1024x308.jpg\" alt=\"\" class=\"wp-image-37\" style=\"width:735px;height:auto\" srcset=\"https:\/\/agroforestexport.com\/wp-content\/uploads\/2025\/07\/cacao-1024x308.jpg 1024w, https:\/\/agroforestexport.com\/wp-content\/uploads\/2025\/07\/cacao-300x90.jpg 300w, https:\/\/agroforestexport.com\/wp-content\/uploads\/2025\/07\/cacao-768x231.jpg 768w, https:\/\/agroforestexport.com\/wp-content\/uploads\/2025\/07\/cacao-500x150.jpg 500w, https:\/\/agroforestexport.com\/wp-content\/uploads\/2025\/07\/cacao.jpg 1170w\" sizes=\"auto, (max-width: 1024px) 100vw, 1024px\" \/><\/figure>\n<\/div>\n\n\n<hr class=\"wp-block-separator has-alpha-channel-opacity\"\/>\n\n\n\n<h2 class=\"wp-block-heading\">Noticias recientes<\/h2>\n\n\n\n<div class=\"wp-block-query is-layout-flow wp-block-query-is-layout-flow\"><ul class=\"columns-3 wp-block-post-template is-layout-grid wp-container-core-post-template-is-layout-2fc57c17 wp-block-post-template-is-layout-grid\"><li class=\"wp-block-post post-119 post type-post status-publish format-standard has-post-thumbnail hentry category-uncategorized tag-agroforestal tag-agroforestexport tag-gallina-ponedora tag-granja-avicola tag-huevos\">\n\n<div class=\"wp-block-group\" style=\"padding-top:30px;padding-right:30px;padding-bottom:30px;padding-left:30px\"><div class=\"wp-block-group__inner-container is-layout-flow wp-block-group-is-layout-flow\"><h2 class=\"wp-block-post-title\"><a href=\"https:\/\/agroforestexport.com\/index.php\/2025\/11\/13\/implementacion-de-granja-avicola\/\" target=\"_self\" >Implementaci\u00f3n de Granja Av\u00edcola<\/a><\/h2>\n\n<div class=\"wp-block-post-excerpt\"><p class=\"wp-block-post-excerpt__excerpt\">En nuestra misi\u00f3n por fortalecer la producci\u00f3n agroindustrial sostenible en Alta Verapaz, Guatemala, hemos iniciado un nuevo proyecto dentro de nuestra finca modelo: la implementaci\u00f3n de una gran av\u00edcola, destinada a la producci\u00f3n de huevos para el mercado local y la venta peri\u00f3dica de carne de aves como parte del proceso de renovaci\u00f3n de animales.&hellip; <\/p><\/div>\n\n<div class=\"wp-block-post-date\"><time datetime=\"2025-11-13T01:31:07+00:00\">13\/11\/2025<\/time><\/div><\/div><\/div>\n\n<\/li><li class=\"wp-block-post post-109 post type-post status-publish format-standard has-post-thumbnail hentry category-agroforest tag-avicultura tag-capacitacion tag-congreso-nacional-de-avicultura tag-equipo-tecnico tag-produccion-avicola\">\n\n<div class=\"wp-block-group\" style=\"padding-top:30px;padding-right:30px;padding-bottom:30px;padding-left:30px\"><div class=\"wp-block-group__inner-container is-layout-flow wp-block-group-is-layout-flow\"><h2 class=\"wp-block-post-title\"><a href=\"https:\/\/agroforestexport.com\/index.php\/2025\/08\/27\/capacitacion-constante\/\" target=\"_self\" >Capacitaci\u00f3n Constante<\/a><\/h2>\n\n<div class=\"wp-block-post-excerpt\"><p class=\"wp-block-post-excerpt__excerpt\">El sector av\u00edcola es un pilar fundamental de la econom\u00eda y la alimentaci\u00f3n, y su constante evoluci\u00f3n demanda una capacitaci\u00f3n y actualizaci\u00f3n t\u00e9cnica permanentes. En este sentido, eventos como el XV Congreso Nacional de Avicultura 2025 se consolidan como plataformas esenciales para el intercambio de conocimientos, la presentaci\u00f3n de innovaciones y el fortalecimiento de la&hellip; <\/p><\/div>\n\n<div class=\"wp-block-post-date\"><time datetime=\"2025-08-27T00:35:52+00:00\">27\/08\/2025<\/time><\/div><\/div><\/div>\n\n<\/li><li class=\"wp-block-post post-1 post type-post status-publish format-standard has-post-thumbnail hentry category-agroforest tag-paltasdepino tag-pinomaximinoi tag-reforestacion tag-vivero tag-viveroforestal\">\n\n<div class=\"wp-block-group\" style=\"padding-top:30px;padding-right:30px;padding-bottom:30px;padding-left:30px\"><div class=\"wp-block-group__inner-container is-layout-flow wp-block-group-is-layout-flow\"><h2 class=\"wp-block-post-title\"><a href=\"https:\/\/agroforestexport.com\/index.php\/2025\/07\/15\/hello-world\/\" target=\"_self\" >Vivero Forestal<\/a><\/h2>\n\n<div class=\"wp-block-post-excerpt\"><p class=\"wp-block-post-excerpt__excerpt\">En nuestro vivero forestal, cultivamos m\u00e1s que \u00e1rboles: cultivamos compromiso con la tierra. Especializados en la producci\u00f3n de plantas de Pinus maximinoi, ofrecemos ejemplares de alta calidad destinados a proyectos de reforestaci\u00f3n, conservaci\u00f3n y recuperaci\u00f3n ecol\u00f3gica. Nuestra operaci\u00f3n est\u00e1 respaldada por un equipo de profesionales con amplia experiencia en el \u00e1mbito forestal, quienes brindan asesoramiento&hellip; <\/p><\/div>\n\n<div class=\"wp-block-post-date\"><time datetime=\"2025-07-15T23:11:36+00:00\">15\/07\/2025<\/time><\/div><\/div><\/div>\n\n<\/li><\/ul><\/div>\n","protected":false},"excerpt":{"rendered":"<p>Agroforest Export Nace de la necesidad de identificar mercados efectivos para llevar los productos del peque\u00f1o productor al mercado internacional, de igual forma crear enlaces a las exportadoras, buscando&nbsp; precios justos, buscando la generaci\u00f3n de empleo, y lograr un comercio justo con el peque\u00f1o productor, buscando ingresos dignos para obtener un mejor beneficio entre el [&hellip;]<\/p>\n","protected":false},"author":1,"featured_media":0,"parent":0,"menu_order":0,"comment_status":"closed","ping_status":"closed","template":"","meta":{"footnotes":""},"class_list":["post-11","page","type-page","status-publish","hentry"],"_links":{"self":[{"href":"https:\/\/agroforestexport.com\/index.php\/wp-json\/wp\/v2\/pages\/11","targetHints":{"allow":["GET"]}}],"collection":[{"href":"https:\/\/agroforestexport.com\/index.php\/wp-json\/wp\/v2\/pages"}],"about":[{"href":"https:\/\/agroforestexport.com\/index.php\/wp-json\/wp\/v2\/types\/page"}],"author":[{"embeddable":true,"href":"https:\/\/agroforestexport.com\/index.php\/wp-json\/wp\/v2\/users\/1"}],"replies":[{"embeddable":true,"href":"https:\/\/agroforestexport.com\/index.php\/wp-json\/wp\/v2\/comments?post=11"}],"version-history":[{"count":11,"href":"https:\/\/agroforestexport.com\/index.php\/wp-json\/wp\/v2\/pages\/11\/revisions"}],"predecessor-version":[{"id":130,"href":"https:\/\/agroforestexport.com\/index.php\/wp-json\/wp\/v2\/pages\/11\/revisions\/130"}],"wp:attachment":[{"href":"https:\/\/agroforestexport.com\/index.php\/wp-json\/wp\/v2\/media?parent=11"}],"curies":[{"name":"wp","href":"https:\/\/api.w.org\/{rel}","templated":true}]}}