{"id":13,"date":"2025-07-16T23:43:04","date_gmt":"2025-07-16T23:43:04","guid":{"rendered":"https:\/\/agroforestexport.com\/?page_id=13"},"modified":"2025-07-18T03:11:48","modified_gmt":"2025-07-18T03:11:48","slug":"productos","status":"publish","type":"page","link":"https:\/\/agroforestexport.com\/index.php\/productos\/","title":{"rendered":"Productos"},"content":{"rendered":"<div class=\"wpb-content-wrapper\"><p>[vc_row][vc_column][vc_empty_space height=\u00bb29px\u00bb][\/vc_column][\/vc_row][vc_row][vc_column][vc_column_text]<\/p>\r\n<h2 class=\"wp-block-heading\">Productos \/ Servicios<\/h2>\r\n<p>\r\n\r\nNuestros servicio es de Venta de semilla seca o verde tipo convencional, \u00a0de buen tama\u00f1o, color, sabor y aroma.<\/p>\r\n<p>\r\n\r\nNos preocupamos en entregar productos de alta calidad, previamente evaluado, sin da\u00f1os de animales, sin presencia de moho, producci\u00f3n limpia y sana.<\/p>\r\n<p>\r\n\r\nSe entrega en un empaque de alta calidad con forro que no permite el ingreso de humedad utilizando sacos de polipropileno nuevos.<\/p>\r\n<p>\r\n\r\nContamos con personal experimentado en el manejo y logisto de los productos ofertables<\/p>\r\n<p>\r\n\r\nToda la producci\u00f3n proviene de peque\u00f1os productores, que se les apoya con asistencia t\u00e9cnica, acompa\u00f1amiento y pagos a precios justos.<\/p>\r\n<p>\r\n\r\n[\/vc_column_text][\/vc_column][\/vc_row][vc_row][vc_column][cesis_portfolio style_ig=\u00bbcesis_portfolio_style_4&#8243; hover=\u00bbcesis_hover_overlay\u00bb hover_color=\u00bb#81D7425E\u00bb effect=\u00bbcesis_effect_zoomIn\u00bb to_show=\u00bb6&#8243; category=\u00bball\u00bb tag=\u00bball\u00bb col=\u00bb3&#8243; i_text=\u00bbyes\u00bb][\/vc_column][\/vc_row]<\/p><\/div>","protected":false},"excerpt":{"rendered":"<p>[vc_row][vc_column][vc_empty_space height=\u00bb29px\u00bb][\/vc_column][\/vc_row][vc_row][vc_column][vc_column_text] Productos \/ Servicios Nuestros servicio es de Venta de semilla seca o verde tipo convencional, \u00a0de buen tama\u00f1o, color, sabor y aroma. Nos preocupamos en entregar productos de alta calidad, previamente evaluado, sin da\u00f1os de animales, sin presencia de moho, producci\u00f3n limpia y sana. Se entrega en un empaque de alta calidad con [&hellip;]<\/p>\n","protected":false},"author":1,"featured_media":0,"parent":0,"menu_order":0,"comment_status":"closed","ping_status":"closed","template":"","meta":{"footnotes":""},"class_list":["post-13","page","type-page","status-publish","hentry"],"_links":{"self":[{"href":"https:\/\/agroforestexport.com\/index.php\/wp-json\/wp\/v2\/pages\/13","targetHints":{"allow":["GET"]}}],"collection":[{"href":"https:\/\/agroforestexport.com\/index.php\/wp-json\/wp\/v2\/pages"}],"about":[{"href":"https:\/\/agroforestexport.com\/index.php\/wp-json\/wp\/v2\/types\/page"}],"author":[{"embeddable":true,"href":"https:\/\/agroforestexport.com\/index.php\/wp-json\/wp\/v2\/users\/1"}],"replies":[{"embeddable":true,"href":"https:\/\/agroforestexport.com\/index.php\/wp-json\/wp\/v2\/comments?post=13"}],"version-history":[{"count":7,"href":"https:\/\/agroforestexport.com\/index.php\/wp-json\/wp\/v2\/pages\/13\/revisions"}],"predecessor-version":[{"id":88,"href":"https:\/\/agroforestexport.com\/index.php\/wp-json\/wp\/v2\/pages\/13\/revisions\/88"}],"wp:attachment":[{"href":"https:\/\/agroforestexport.com\/index.php\/wp-json\/wp\/v2\/media?parent=13"}],"curies":[{"name":"wp","href":"https:\/\/api.w.org\/{rel}","templated":true}]}}